{"id":984,"date":"2020-05-08T10:00:49","date_gmt":"2020-05-08T10:00:49","guid":{"rendered":"https:\/\/www.glaemporda.com\/nosotras\/"},"modified":"2020-05-20T14:33:57","modified_gmt":"2020-05-20T14:33:57","slug":"nosotras","status":"publish","type":"page","link":"https:\/\/www.glaemporda.com\/es\/nosotras\/","title":{"rendered":"Nosotras"},"content":{"rendered":"\t\t<div data-elementor-type=\"wp-post\" data-elementor-id=\"984\" class=\"elementor elementor-984 elementor-13\" data-elementor-post-type=\"page\">\n\t\t\t\t\t\t<section class=\"elementor-section elementor-top-section elementor-element elementor-element-e05b842 elementor-section-full_width elementor-section-height-default elementor-section-height-default\" data-id=\"e05b842\" data-element_type=\"section\" data-e-type=\"section\">\n\t\t\t\t\t\t<div class=\"elementor-container elementor-column-gap-no\">\n\t\t\t\t\t<div class=\"elementor-column elementor-col-100 elementor-top-column elementor-element elementor-element-c087740\" data-id=\"c087740\" data-element_type=\"column\" data-e-type=\"column\">\n\t\t\t<div class=\"elementor-widget-wrap elementor-element-populated\">\n\t\t\t\t\t\t<div class=\"elementor-element elementor-element-4b4faad elementor-widget elementor-widget-image\" data-id=\"4b4faad\" data-element_type=\"widget\" data-e-type=\"widget\" data-widget_type=\"image.default\">\n\t\t\t\t<div class=\"elementor-widget-container\">\n\t\t\t\t\t\t\t\t\t\t\t\t\t\t\t<img fetchpriority=\"high\" decoding=\"async\" width=\"1920\" height=\"1005\" src=\"https:\/\/www.glaemporda.com\/wp-content\/uploads\/2020\/05\/nosaltres-3.jpg\" class=\"attachment-full size-full wp-image-890\" alt=\"\" srcset=\"https:\/\/www.glaemporda.com\/wp-content\/uploads\/2020\/05\/nosaltres-3.jpg 1920w, https:\/\/www.glaemporda.com\/wp-content\/uploads\/2020\/05\/nosaltres-3-300x157.jpg 300w, https:\/\/www.glaemporda.com\/wp-content\/uploads\/2020\/05\/nosaltres-3-1024x536.jpg 1024w, https:\/\/www.glaemporda.com\/wp-content\/uploads\/2020\/05\/nosaltres-3-768x402.jpg 768w, https:\/\/www.glaemporda.com\/wp-content\/uploads\/2020\/05\/nosaltres-3-1536x804.jpg 1536w, https:\/\/www.glaemporda.com\/wp-content\/uploads\/2020\/05\/nosaltres-3-1568x821.jpg 1568w\" sizes=\"(max-width: 1920px) 100vw, 1920px\" \/>\t\t\t\t\t\t\t\t\t\t\t\t\t\t\t<\/div>\n\t\t\t\t<\/div>\n\t\t\t\t\t<\/div>\n\t\t<\/div>\n\t\t\t\t\t<\/div>\n\t\t<\/section>\n\t\t\t\t<section class=\"elementor-section elementor-top-section elementor-element elementor-element-c849556 elementor-section-full_width elementor-section-height-default elementor-section-height-default\" data-id=\"c849556\" data-element_type=\"section\" data-e-type=\"section\">\n\t\t\t\t\t\t<div class=\"elementor-container elementor-column-gap-wide\">\n\t\t\t\t\t<div class=\"elementor-column elementor-col-100 elementor-top-column elementor-element elementor-element-02e9f83\" data-id=\"02e9f83\" data-element_type=\"column\" data-e-type=\"column\">\n\t\t\t<div class=\"elementor-widget-wrap elementor-element-populated\">\n\t\t\t\t\t\t<div class=\"elementor-element elementor-element-a2370b5 elementor-widget elementor-widget-text-editor\" data-id=\"a2370b5\" data-element_type=\"widget\" data-e-type=\"widget\" data-widget_type=\"text-editor.default\">\n\t\t\t\t<div class=\"elementor-widget-container\">\n\t\t\t\t\t\t\t\t\t<p>Te ofrecemos <span style=\"color: #3a3942;\">bienestar,<\/span><br \/>\nla <span style=\"color: #3a3942;\">creatividad<\/span> nos impulsa,<br \/>\nla <span style=\"color: #3a3942;\">naturaleza<\/span> nos inspira<br \/>\ny la <span style=\"color: #3a3942;\">experiencia<\/span> nos ayuda.<\/p>\n\t\t\t\t\t\t\t\t<\/div>\n\t\t\t\t<\/div>\n\t\t\t\t\t<\/div>\n\t\t<\/div>\n\t\t\t\t\t<\/div>\n\t\t<\/section>\n\t\t\t\t<section class=\"elementor-section elementor-top-section elementor-element elementor-element-bd68081 elementor-section-full_width elementor-section-height-default elementor-section-height-default\" data-id=\"bd68081\" data-element_type=\"section\" data-e-type=\"section\">\n\t\t\t\t\t\t<div class=\"elementor-container elementor-column-gap-no\">\n\t\t\t\t\t<div class=\"elementor-column elementor-col-100 elementor-top-column elementor-element elementor-element-068ec3c\" data-id=\"068ec3c\" data-element_type=\"column\" data-e-type=\"column\">\n\t\t\t<div class=\"elementor-widget-wrap elementor-element-populated\">\n\t\t\t\t\t\t<div class=\"elementor-element elementor-element-136944f elementor-widget elementor-widget-text-editor\" data-id=\"136944f\" data-element_type=\"widget\" data-e-type=\"widget\" data-widget_type=\"text-editor.default\">\n\t\t\t\t<div class=\"elementor-widget-container\">\n\t\t\t\t\t\t\t\t\t<p>GLA nace y crece en el Ampurd\u00e1n desde las sinergias creadas entre Marta Xucl\u00e0, creadora de espacios y decoraciones ef\u00edmeras involucrando los artesanos locales en sus proyectos, y\u00a0Piluca Paul\u00ed\u00a0creadora de experiencias regalo y editora de objetos que relacionan la artesan\u00eda con la comunicaci\u00f3n del territorio.<\/p>\n\t\t\t\t\t\t\t\t<\/div>\n\t\t\t\t<\/div>\n\t\t\t\t\t<\/div>\n\t\t<\/div>\n\t\t\t\t\t<\/div>\n\t\t<\/section>\n\t\t\t\t<section class=\"elementor-section elementor-top-section elementor-element elementor-element-e695de9 elementor-section-full_width elementor-section-height-default elementor-section-height-default\" data-id=\"e695de9\" data-element_type=\"section\" data-e-type=\"section\">\n\t\t\t\t\t\t<div class=\"elementor-container elementor-column-gap-wider\">\n\t\t\t\t\t<div class=\"elementor-column elementor-col-50 elementor-top-column elementor-element elementor-element-1415940\" data-id=\"1415940\" data-element_type=\"column\" data-e-type=\"column\">\n\t\t\t<div class=\"elementor-widget-wrap elementor-element-populated\">\n\t\t\t\t\t\t<div class=\"elementor-element elementor-element-a03e31f elementor-widget elementor-widget-image\" data-id=\"a03e31f\" data-element_type=\"widget\" data-e-type=\"widget\" data-widget_type=\"image.default\">\n\t\t\t\t<div class=\"elementor-widget-container\">\n\t\t\t\t\t\t\t\t\t\t\t\t\t\t\t<img decoding=\"async\" width=\"198\" height=\"196\" src=\"https:\/\/www.glaemporda.com\/wp-content\/uploads\/2020\/05\/Nosaltres_piluca.png\" class=\"attachment-large size-large wp-image-1352\" alt=\"\" \/>\t\t\t\t\t\t\t\t\t\t\t\t\t\t\t<\/div>\n\t\t\t\t<\/div>\n\t\t\t\t<div class=\"elementor-element elementor-element-5007a42 nosaltressensemarge elementor-widget elementor-widget-heading\" data-id=\"5007a42\" data-element_type=\"widget\" data-e-type=\"widget\" data-widget_type=\"heading.default\">\n\t\t\t\t<div class=\"elementor-widget-container\">\n\t\t\t\t\t<p class=\"elementor-heading-title elementor-size-default\">Piluca Paul\u00ed<\/p>\t\t\t\t<\/div>\n\t\t\t\t<\/div>\n\t\t\t\t<div class=\"elementor-element elementor-element-390af61 elementor-widget elementor-widget-text-editor\" data-id=\"390af61\" data-element_type=\"widget\" data-e-type=\"widget\" data-widget_type=\"text-editor.default\">\n\t\t\t\t<div class=\"elementor-widget-container\">\n\t\t\t\t\t\t\t\t\t<p>Licenciada en Humanidades, t\u00e9cnica en Relaciones P\u00fablicas y Empresas de actividades tur\u00edsticas, experta en Comunicaci\u00f3n y Protocolo para empresas e instituciones.<\/p>\n\t\t\t\t\t\t\t\t<\/div>\n\t\t\t\t<\/div>\n\t\t\t\t\t<\/div>\n\t\t<\/div>\n\t\t\t\t<div class=\"elementor-column elementor-col-50 elementor-top-column elementor-element elementor-element-28dec35\" data-id=\"28dec35\" data-element_type=\"column\" data-e-type=\"column\">\n\t\t\t<div class=\"elementor-widget-wrap elementor-element-populated\">\n\t\t\t\t\t\t<div class=\"elementor-element elementor-element-04486fc elementor-widget elementor-widget-image\" data-id=\"04486fc\" data-element_type=\"widget\" data-e-type=\"widget\" data-widget_type=\"image.default\">\n\t\t\t\t<div class=\"elementor-widget-container\">\n\t\t\t\t\t\t\t\t\t\t\t\t\t\t\t<img decoding=\"async\" width=\"198\" height=\"196\" src=\"https:\/\/www.glaemporda.com\/wp-content\/uploads\/2019\/11\/Nosaltres_2.jpg\" class=\"attachment-large size-large wp-image-252\" alt=\"\" \/>\t\t\t\t\t\t\t\t\t\t\t\t\t\t\t<\/div>\n\t\t\t\t<\/div>\n\t\t\t\t<div class=\"elementor-element elementor-element-f7cb0fb nosaltressensemarge elementor-widget elementor-widget-heading\" data-id=\"f7cb0fb\" data-element_type=\"widget\" data-e-type=\"widget\" data-widget_type=\"heading.default\">\n\t\t\t\t<div class=\"elementor-widget-container\">\n\t\t\t\t\t<p class=\"elementor-heading-title elementor-size-default\">Marta Xucl\u00e0<\/p>\t\t\t\t<\/div>\n\t\t\t\t<\/div>\n\t\t\t\t<div class=\"elementor-element elementor-element-1919da2 elementor-widget elementor-widget-text-editor\" data-id=\"1919da2\" data-element_type=\"widget\" data-e-type=\"widget\" data-widget_type=\"text-editor.default\">\n\t\t\t\t<div class=\"elementor-widget-container\">\n\t\t\t\t\t\t\t\t\t<p>Interiorista y gestora de obra especializada en restauraci\u00f3n de mas\u00edas y montajes ef\u00edmeros. T\u00e9cnica administrativa y organizadora de eventos.<\/p>\n\t\t\t\t\t\t\t\t<\/div>\n\t\t\t\t<\/div>\n\t\t\t\t\t<\/div>\n\t\t<\/div>\n\t\t\t\t\t<\/div>\n\t\t<\/section>\n\t\t\t\t<section class=\"elementor-section elementor-top-section elementor-element elementor-element-b7c3352 elementor-section-boxed elementor-section-height-default elementor-section-height-default\" data-id=\"b7c3352\" data-element_type=\"section\" data-e-type=\"section\">\n\t\t\t\t\t\t<div class=\"elementor-container elementor-column-gap-default\">\n\t\t\t\t\t<div class=\"elementor-column elementor-col-100 elementor-top-column elementor-element elementor-element-8b852fb\" data-id=\"8b852fb\" data-element_type=\"column\" data-e-type=\"column\">\n\t\t\t<div class=\"elementor-widget-wrap elementor-element-populated\">\n\t\t\t\t\t\t<div class=\"elementor-element elementor-element-9c9a806 elementor-widget elementor-widget-text-editor\" data-id=\"9c9a806\" data-element_type=\"widget\" data-e-type=\"widget\" data-widget_type=\"text-editor.default\">\n\t\t\t\t<div class=\"elementor-widget-container\">\n\t\t\t\t\t\t\t\t\t<p>CO-FUNDADORAS DE&#8230;<\/p>\n\t\t\t\t\t\t\t\t<\/div>\n\t\t\t\t<\/div>\n\t\t\t\t<div class=\"elementor-element elementor-element-acf5cf7 elementor-skin-carousel elementor-widget elementor-widget-media-carousel\" data-id=\"acf5cf7\" data-element_type=\"widget\" data-e-type=\"widget\" data-settings=\"{&quot;slides_per_view&quot;:&quot;3&quot;,&quot;slides_per_view_tablet&quot;:&quot;3&quot;,&quot;slides_to_scroll&quot;:&quot;3&quot;,&quot;slides_to_scroll_tablet&quot;:&quot;3&quot;,&quot;speed&quot;:1,&quot;space_between&quot;:{&quot;unit&quot;:&quot;px&quot;,&quot;size&quot;:0,&quot;sizes&quot;:[]},&quot;slides_per_view_mobile&quot;:&quot;2&quot;,&quot;space_between_tablet&quot;:{&quot;unit&quot;:&quot;px&quot;,&quot;size&quot;:20,&quot;sizes&quot;:[]},&quot;slides_to_scroll_mobile&quot;:&quot;3&quot;,&quot;skin&quot;:&quot;carousel&quot;,&quot;effect&quot;:&quot;slide&quot;,&quot;autoplay&quot;:&quot;yes&quot;,&quot;autoplay_speed&quot;:5000,&quot;pause_on_hover&quot;:&quot;yes&quot;,&quot;pause_on_interaction&quot;:&quot;yes&quot;,&quot;space_between_mobile&quot;:{&quot;unit&quot;:&quot;px&quot;,&quot;size&quot;:10,&quot;sizes&quot;:[]}}\" data-widget_type=\"media-carousel.default\">\n\t\t\t\t<div class=\"elementor-widget-container\">\n\t\t\t\t\t\t\t\t\t<div class=\"elementor-swiper\">\n\t\t\t\t\t<div class=\"elementor-main-swiper swiper\" role=\"region\" aria-roledescription=\"carousel\" aria-label=\"Diapositivas\">\n\t\t\t\t<div class=\"swiper-wrapper\">\n\t\t\t\t\t\t\t\t\t\t\t<div class=\"swiper-slide\" role=\"group\" aria-roledescription=\"slide\">\n\t\t\t\t\t\t\t<a href=\"http:\/\/herbesdelemporda.com\/\" target=\"_blank\" rel=\"nofollow\">\t\t<div class=\"elementor-carousel-image\" role=\"img\" aria-label=\"1-herbes\" style=\"background-image: url(&#039;https:\/\/www.glaemporda.com\/wp-content\/uploads\/2020\/04\/1-herbes.png&#039;)\">\n\n\t\t\t\n\t\t\t\t\t<\/div>\n\t\t<\/a>\t\t\t\t\t\t<\/div>\n\t\t\t\t\t\t\t\t\t\t\t<div class=\"swiper-slide\" role=\"group\" aria-roledescription=\"slide\">\n\t\t\t\t\t\t\t<a href=\"http:\/\/www.e-masovers.com\/\" target=\"_blank\" rel=\"nofollow\">\t\t<div class=\"elementor-carousel-image\" role=\"img\" aria-label=\"logomasovers-7\" style=\"background-image: url(&#039;https:\/\/www.glaemporda.com\/wp-content\/uploads\/2020\/05\/logomasovers-7.png&#039;)\">\n\n\t\t\t\n\t\t\t\t\t<\/div>\n\t\t<\/a>\t\t\t\t\t\t<\/div>\n\t\t\t\t\t\t\t\t\t\t\t<div class=\"swiper-slide\" role=\"group\" aria-roledescription=\"slide\">\n\t\t\t\t\t\t\t<a href=\"https:\/\/www.empordavita.com\/es\/\" target=\"_blank\" rel=\"nofollow\">\t\t<div class=\"elementor-carousel-image\" role=\"img\" aria-label=\"logo-empordavita-gla-3\" style=\"background-image: url(&#039;https:\/\/www.glaemporda.com\/wp-content\/uploads\/2020\/05\/logo-empordavita-gla-3.png&#039;)\">\n\n\t\t\t\n\t\t\t\t\t<\/div>\n\t\t<\/a>\t\t\t\t\t\t<\/div>\n\t\t\t\t\t\t\t\t\t<\/div>\n\t\t\t\t\t\t\t\t\t\t\t\t\t\t\t\t\t\t\t\t\t<\/div>\n\t\t\t\t<\/div>\n\t\t\t\t\t\t\t\t<\/div>\n\t\t\t\t<\/div>\n\t\t\t\t\t<\/div>\n\t\t<\/div>\n\t\t\t\t\t<\/div>\n\t\t<\/section>\n\t\t\t\t<\/div>\n\t\t","protected":false},"excerpt":{"rendered":"<p>Te ofrecemos bienestar, la creatividad nos impulsa, la naturaleza nos inspira y la experiencia nos ayuda. GLA nace y crece en el Ampurd\u00e1n desde las sinergias creadas entre Marta Xucl\u00e0, creadora de espacios y decoraciones ef\u00edmeras involucrando los artesanos locales en sus proyectos, y\u00a0Piluca Paul\u00ed\u00a0creadora de experiencias regalo y editora de objetos que relacionan la &hellip; <\/p>\n<p class=\"link-more\"><a href=\"https:\/\/www.glaemporda.com\/es\/nosotras\/\" class=\"more-link\">Seguir leyendo<span class=\"screen-reader-text\"> \u00abNosotras\u00bb<\/span><\/a><\/p>\n","protected":false},"author":1,"featured_media":0,"parent":0,"menu_order":0,"comment_status":"closed","ping_status":"closed","template":"elementor_header_footer","meta":{"footnotes":""},"class_list":["post-984","page","type-page","status-publish","hentry","entry"],"yoast_head":"<!-- This site is optimized with the Yoast SEO plugin v27.3 - https:\/\/yoast.com\/product\/yoast-seo-wordpress\/ -->\n<title>Conoce Gla Empord\u00e0 - Bienestar, creatividad, naturaleza y experiencia<\/title>\n<meta name=\"description\" content=\"Gla Empord\u00e0 nace de las sinergias entre Marta Xucl\u00e0, creadora de espacios y decoraciones y Piluca Paulino, creadora de experiencias regalo y de objetos.\" \/>\n<meta name=\"robots\" content=\"index, follow, max-snippet:-1, max-image-preview:large, max-video-preview:-1\" \/>\n<link rel=\"canonical\" href=\"https:\/\/www.glaemporda.com\/es\/nosotras\/\" \/>\n<meta property=\"og:locale\" content=\"es_ES\" \/>\n<meta property=\"og:type\" content=\"article\" \/>\n<meta property=\"og:title\" content=\"Conoce Gla Empord\u00e0 - Bienestar, creatividad, naturaleza y experiencia\" \/>\n<meta property=\"og:description\" content=\"Gla Empord\u00e0 nace de las sinergias entre Marta Xucl\u00e0, creadora de espacios y decoraciones y Piluca Paulino, creadora de experiencias regalo y de objetos.\" \/>\n<meta property=\"og:url\" content=\"https:\/\/www.glaemporda.com\/es\/nosotras\/\" \/>\n<meta property=\"og:site_name\" content=\"Gla Empord\u00e0\" \/>\n<meta property=\"article:modified_time\" content=\"2020-05-20T14:33:57+00:00\" \/>\n<meta property=\"og:image\" content=\"https:\/\/www.glaemporda.com\/wp-content\/uploads\/2020\/05\/nosaltres-3.jpg\" \/>\n<meta name=\"twitter:card\" content=\"summary_large_image\" \/>\n<meta name=\"twitter:label1\" content=\"Tiempo de lectura\" \/>\n\t<meta name=\"twitter:data1\" content=\"1 minuto\" \/>\n<script type=\"application\/ld+json\" class=\"yoast-schema-graph\">{\"@context\":\"https:\\\/\\\/schema.org\",\"@graph\":[{\"@type\":\"WebPage\",\"@id\":\"https:\\\/\\\/www.glaemporda.com\\\/es\\\/nosotras\\\/\",\"url\":\"https:\\\/\\\/www.glaemporda.com\\\/es\\\/nosotras\\\/\",\"name\":\"Conoce Gla Empord\u00e0 - Bienestar, creatividad, naturaleza y experiencia\",\"isPartOf\":{\"@id\":\"https:\\\/\\\/www.glaemporda.com\\\/es\\\/#website\"},\"primaryImageOfPage\":{\"@id\":\"https:\\\/\\\/www.glaemporda.com\\\/es\\\/nosotras\\\/#primaryimage\"},\"image\":{\"@id\":\"https:\\\/\\\/www.glaemporda.com\\\/es\\\/nosotras\\\/#primaryimage\"},\"thumbnailUrl\":\"https:\\\/\\\/www.glaemporda.com\\\/wp-content\\\/uploads\\\/2020\\\/05\\\/nosaltres-3.jpg\",\"datePublished\":\"2020-05-08T10:00:49+00:00\",\"dateModified\":\"2020-05-20T14:33:57+00:00\",\"description\":\"Gla Empord\u00e0 nace de las sinergias entre Marta Xucl\u00e0, creadora de espacios y decoraciones y Piluca Paulino, creadora de experiencias regalo y de objetos.\",\"breadcrumb\":{\"@id\":\"https:\\\/\\\/www.glaemporda.com\\\/es\\\/nosotras\\\/#breadcrumb\"},\"inLanguage\":\"es\",\"potentialAction\":[{\"@type\":\"ReadAction\",\"target\":[\"https:\\\/\\\/www.glaemporda.com\\\/es\\\/nosotras\\\/\"]}]},{\"@type\":\"ImageObject\",\"inLanguage\":\"es\",\"@id\":\"https:\\\/\\\/www.glaemporda.com\\\/es\\\/nosotras\\\/#primaryimage\",\"url\":\"https:\\\/\\\/www.glaemporda.com\\\/wp-content\\\/uploads\\\/2020\\\/05\\\/nosaltres-3.jpg\",\"contentUrl\":\"https:\\\/\\\/www.glaemporda.com\\\/wp-content\\\/uploads\\\/2020\\\/05\\\/nosaltres-3.jpg\"},{\"@type\":\"BreadcrumbList\",\"@id\":\"https:\\\/\\\/www.glaemporda.com\\\/es\\\/nosotras\\\/#breadcrumb\",\"itemListElement\":[{\"@type\":\"ListItem\",\"position\":1,\"name\":\"Inici\",\"item\":\"https:\\\/\\\/www.glaemporda.com\\\/es\\\/\"},{\"@type\":\"ListItem\",\"position\":2,\"name\":\"Nosotras\"}]},{\"@type\":\"WebSite\",\"@id\":\"https:\\\/\\\/www.glaemporda.com\\\/es\\\/#website\",\"url\":\"https:\\\/\\\/www.glaemporda.com\\\/es\\\/\",\"name\":\"Gla Empord\u00e0\",\"description\":\"Artisan&amp;Decor Concept Store\",\"publisher\":{\"@id\":\"https:\\\/\\\/www.glaemporda.com\\\/es\\\/#organization\"},\"potentialAction\":[{\"@type\":\"SearchAction\",\"target\":{\"@type\":\"EntryPoint\",\"urlTemplate\":\"https:\\\/\\\/www.glaemporda.com\\\/es\\\/?s={search_term_string}\"},\"query-input\":{\"@type\":\"PropertyValueSpecification\",\"valueRequired\":true,\"valueName\":\"search_term_string\"}}],\"inLanguage\":\"es\"},{\"@type\":\"Organization\",\"@id\":\"https:\\\/\\\/www.glaemporda.com\\\/es\\\/#organization\",\"name\":\"Gl\u00e0 Empord\u00e0\",\"url\":\"https:\\\/\\\/www.glaemporda.com\\\/es\\\/\",\"logo\":{\"@type\":\"ImageObject\",\"inLanguage\":\"es\",\"@id\":\"https:\\\/\\\/www.glaemporda.com\\\/es\\\/#\\\/schema\\\/logo\\\/image\\\/\",\"url\":\"https:\\\/\\\/www.glaemporda.com\\\/wp-content\\\/uploads\\\/2019\\\/08\\\/logo-menu.png\",\"contentUrl\":\"https:\\\/\\\/www.glaemporda.com\\\/wp-content\\\/uploads\\\/2019\\\/08\\\/logo-menu.png\",\"width\":120,\"height\":120,\"caption\":\"Gl\u00e0 Empord\u00e0\"},\"image\":{\"@id\":\"https:\\\/\\\/www.glaemporda.com\\\/es\\\/#\\\/schema\\\/logo\\\/image\\\/\"}}]}<\/script>\n<!-- \/ Yoast SEO plugin. -->","yoast_head_json":{"title":"Conoce Gla Empord\u00e0 - Bienestar, creatividad, naturaleza y experiencia","description":"Gla Empord\u00e0 nace de las sinergias entre Marta Xucl\u00e0, creadora de espacios y decoraciones y Piluca Paulino, creadora de experiencias regalo y de objetos.","robots":{"index":"index","follow":"follow","max-snippet":"max-snippet:-1","max-image-preview":"max-image-preview:large","max-video-preview":"max-video-preview:-1"},"canonical":"https:\/\/www.glaemporda.com\/es\/nosotras\/","og_locale":"es_ES","og_type":"article","og_title":"Conoce Gla Empord\u00e0 - Bienestar, creatividad, naturaleza y experiencia","og_description":"Gla Empord\u00e0 nace de las sinergias entre Marta Xucl\u00e0, creadora de espacios y decoraciones y Piluca Paulino, creadora de experiencias regalo y de objetos.","og_url":"https:\/\/www.glaemporda.com\/es\/nosotras\/","og_site_name":"Gla Empord\u00e0","article_modified_time":"2020-05-20T14:33:57+00:00","og_image":[{"url":"https:\/\/www.glaemporda.com\/wp-content\/uploads\/2020\/05\/nosaltres-3.jpg","type":"","width":"","height":""}],"twitter_card":"summary_large_image","twitter_misc":{"Tiempo de lectura":"1 minuto"},"schema":{"@context":"https:\/\/schema.org","@graph":[{"@type":"WebPage","@id":"https:\/\/www.glaemporda.com\/es\/nosotras\/","url":"https:\/\/www.glaemporda.com\/es\/nosotras\/","name":"Conoce Gla Empord\u00e0 - Bienestar, creatividad, naturaleza y experiencia","isPartOf":{"@id":"https:\/\/www.glaemporda.com\/es\/#website"},"primaryImageOfPage":{"@id":"https:\/\/www.glaemporda.com\/es\/nosotras\/#primaryimage"},"image":{"@id":"https:\/\/www.glaemporda.com\/es\/nosotras\/#primaryimage"},"thumbnailUrl":"https:\/\/www.glaemporda.com\/wp-content\/uploads\/2020\/05\/nosaltres-3.jpg","datePublished":"2020-05-08T10:00:49+00:00","dateModified":"2020-05-20T14:33:57+00:00","description":"Gla Empord\u00e0 nace de las sinergias entre Marta Xucl\u00e0, creadora de espacios y decoraciones y Piluca Paulino, creadora de experiencias regalo y de objetos.","breadcrumb":{"@id":"https:\/\/www.glaemporda.com\/es\/nosotras\/#breadcrumb"},"inLanguage":"es","potentialAction":[{"@type":"ReadAction","target":["https:\/\/www.glaemporda.com\/es\/nosotras\/"]}]},{"@type":"ImageObject","inLanguage":"es","@id":"https:\/\/www.glaemporda.com\/es\/nosotras\/#primaryimage","url":"https:\/\/www.glaemporda.com\/wp-content\/uploads\/2020\/05\/nosaltres-3.jpg","contentUrl":"https:\/\/www.glaemporda.com\/wp-content\/uploads\/2020\/05\/nosaltres-3.jpg"},{"@type":"BreadcrumbList","@id":"https:\/\/www.glaemporda.com\/es\/nosotras\/#breadcrumb","itemListElement":[{"@type":"ListItem","position":1,"name":"Inici","item":"https:\/\/www.glaemporda.com\/es\/"},{"@type":"ListItem","position":2,"name":"Nosotras"}]},{"@type":"WebSite","@id":"https:\/\/www.glaemporda.com\/es\/#website","url":"https:\/\/www.glaemporda.com\/es\/","name":"Gla Empord\u00e0","description":"Artisan&amp;Decor Concept Store","publisher":{"@id":"https:\/\/www.glaemporda.com\/es\/#organization"},"potentialAction":[{"@type":"SearchAction","target":{"@type":"EntryPoint","urlTemplate":"https:\/\/www.glaemporda.com\/es\/?s={search_term_string}"},"query-input":{"@type":"PropertyValueSpecification","valueRequired":true,"valueName":"search_term_string"}}],"inLanguage":"es"},{"@type":"Organization","@id":"https:\/\/www.glaemporda.com\/es\/#organization","name":"Gl\u00e0 Empord\u00e0","url":"https:\/\/www.glaemporda.com\/es\/","logo":{"@type":"ImageObject","inLanguage":"es","@id":"https:\/\/www.glaemporda.com\/es\/#\/schema\/logo\/image\/","url":"https:\/\/www.glaemporda.com\/wp-content\/uploads\/2019\/08\/logo-menu.png","contentUrl":"https:\/\/www.glaemporda.com\/wp-content\/uploads\/2019\/08\/logo-menu.png","width":120,"height":120,"caption":"Gl\u00e0 Empord\u00e0"},"image":{"@id":"https:\/\/www.glaemporda.com\/es\/#\/schema\/logo\/image\/"}}]}},"_links":{"self":[{"href":"https:\/\/www.glaemporda.com\/es\/wp-json\/wp\/v2\/pages\/984","targetHints":{"allow":["GET"]}}],"collection":[{"href":"https:\/\/www.glaemporda.com\/es\/wp-json\/wp\/v2\/pages"}],"about":[{"href":"https:\/\/www.glaemporda.com\/es\/wp-json\/wp\/v2\/types\/page"}],"author":[{"embeddable":true,"href":"https:\/\/www.glaemporda.com\/es\/wp-json\/wp\/v2\/users\/1"}],"replies":[{"embeddable":true,"href":"https:\/\/www.glaemporda.com\/es\/wp-json\/wp\/v2\/comments?post=984"}],"version-history":[{"count":14,"href":"https:\/\/www.glaemporda.com\/es\/wp-json\/wp\/v2\/pages\/984\/revisions"}],"predecessor-version":[{"id":1362,"href":"https:\/\/www.glaemporda.com\/es\/wp-json\/wp\/v2\/pages\/984\/revisions\/1362"}],"wp:attachment":[{"href":"https:\/\/www.glaemporda.com\/es\/wp-json\/wp\/v2\/media?parent=984"}],"curies":[{"name":"wp","href":"https:\/\/api.w.org\/{rel}","templated":true}]}}